{"id":490,"date":"2024-09-18T12:30:28","date_gmt":"2024-09-18T12:30:28","guid":{"rendered":"https:\/\/kastaniapartments.eu\/mida-teha-rakveres\/"},"modified":"2024-11-28T12:31:12","modified_gmt":"2024-11-28T12:31:12","slug":"mida-teha-rakveres","status":"publish","type":"page","link":"https:\/\/kastaniapartments.eu\/en\/mida-teha-rakveres\/","title":{"rendered":"DISCOVER RAKVERE"},"content":{"rendered":"\n<div class=\"wp-block-cover alignfull is-light\" style=\"min-height:353px;aspect-ratio:unset;\"><span aria-hidden=\"true\" class=\"wp-block-cover__background has-background-dim-0 has-background-dim\"><\/span><img loading=\"lazy\" decoding=\"async\" width=\"1280\" height=\"850\" class=\"wp-block-cover__image-background wp-image-293\" alt=\"\" src=\"https:\/\/kastaniapartments.eu\/wp-content\/uploads\/2024\/09\/rakvere-castle-6568446_1280.jpg\" data-object-fit=\"cover\" srcset=\"https:\/\/kastaniapartments.eu\/wp-content\/uploads\/2024\/09\/rakvere-castle-6568446_1280.jpg 1280w, https:\/\/kastaniapartments.eu\/wp-content\/uploads\/2024\/09\/rakvere-castle-6568446_1280-300x199.jpg 300w, https:\/\/kastaniapartments.eu\/wp-content\/uploads\/2024\/09\/rakvere-castle-6568446_1280-1024x680.jpg 1024w, https:\/\/kastaniapartments.eu\/wp-content\/uploads\/2024\/09\/rakvere-castle-6568446_1280-768x510.jpg 768w\" sizes=\"auto, (max-width: 1280px) 100vw, 1280px\" \/><div class=\"wp-block-cover__inner-container is-layout-flow wp-block-cover-is-layout-flow\">\n<h1 class=\"wp-block-heading has-text-align-center has-text-color has-link-color wp-elements-a25d7450cd133ac592e04ec13909b7e8\" style=\"color:#fefcfa\"><br><span lang=\"et\" style=\"font-size: 12pt; line-height: 17.12px; font-family: &quot;Times New Roman&quot;, serif; background-image: initial; background-position: initial; background-size: initial; background-repeat: initial; background-attachment: initial; background-origin: initial; background-clip: initial;\"><\/span><br><\/h1>\n<\/div><\/div>\n\n\n\n<div style=\"height:10px\" aria-hidden=\"true\" class=\"wp-block-spacer\"><\/div>\n\n\n\n<div class=\"wp-block-columns alignwide is-layout-flex wp-container-core-columns-is-layout-30ac8118 wp-block-columns-is-layout-flex\" style=\"padding-right:var(--wp--preset--spacing--50);padding-left:var(--wp--preset--spacing--50)\">\n<div class=\"wp-block-column is-layout-flow wp-block-column-is-layout-flow\">\n<ul class=\"wp-block-list\">\n<li><a href=\"https:\/\/visitrakvere.com\/\">Rakvere<\/a>`s most important landmark is the <strong>Rakvere Castle ruins<\/strong>. On the Vallim\u00e4gi hill, you will also find the <strong>Tarvas sculpture<\/strong>, the <strong>Vallim\u00e4gi open-air center<\/strong>, and the <strong>Vallim\u00e4gi windmill<\/strong>, with Rakvere&#8217;s <strong>oak grove<\/strong> located at the southern end of the hill.<br>In the summer of 2020, a unique and expansive <strong>open-air center<\/strong> was completed on Rakvere Vallim\u00e4gi, covering nearly 7 hectares. This performance space features a main stage with 4,200 seats and a forum stage (amphitheater) with 800 seats.<br>The area is not only designed for events\u2014Vallim\u00e4gi also offers numerous corners and viewing platforms for leisure, picnics, and pleasant walks. This modern, green urban environment is open 24\/7, well-lit, and provides stunning views of the entire town of Rakvere.<\/li>\n\n\n\n<li>On Rakvere&#8217;s Town Square, completed in 2004, you can find the sculpture <em>&#8220;Young Man Listening to Music on a Bicycle&#8221;<\/em>, in honor of Arvo P\u00e4rt.<\/li>\n\n\n\n<li><a href=\"https:\/\/www.puhkaeestis.ee\/et\/rakvere-teater\">Rakvere Teater<\/a>\u00a0is located in a historic manor complex, built on the site of a former Franciscan monastery. The hill where the theatre stands was once known as <strong>P\u00f5rguv\u00e4rava Hill<\/strong> (Hell Gate Hill). The city gate that once stood here was guarded by bears that walked on two legs.<\/li>\n<\/ul>\n<\/div>\n<\/div>\n\n\n\n<div class=\"wp-block-columns alignwide is-layout-flex wp-container-core-columns-is-layout-30ac8118 wp-block-columns-is-layout-flex\" style=\"padding-right:var(--wp--preset--spacing--50);padding-left:var(--wp--preset--spacing--50)\">\n<div class=\"wp-block-column is-layout-flow wp-block-column-is-layout-flow\" style=\"padding-right:0;padding-left:0\">\n<h2 class=\"wp-block-heading has-text-color has-link-color wp-elements-17166498d9d1d68a5bf22834302647d7\" style=\"color:#b47f31\">Restaurants and cafes in Rakvere:<\/h2>\n\n\n\n<ul class=\"wp-block-list\">\n<li><a href=\"https:\/\/berliinitrahter.ee\/\">Berliini Trahter<\/a>\u00a0is located in the center of Rakvere and offers delicious dishes and the finest drinks.<\/li>\n\n\n\n<li><a href=\"https:\/\/www.aqvahotels.ee\/restoran\/parqali-resto-grill\/\">PARQALI Resto &amp; Grill\u00a0<\/a>is located at the AQVA Hotel &amp; Spa in the center of Rakvere.<\/li>\n\n\n\n<li><a href=\"https:\/\/rakvere.oceansushi.ee\/\">Ocean Sushi Baar<\/a> (Laada 14) is a sushi and Japanese food restaurant located in the center of Rakvere.<\/li>\n\n\n\n<li><a href=\"https:\/\/www.ciaobella.ee\/\">Ciao Bella\u00a0Pitsa<\/a> offers a taste of Italy in Rakvere, with wood-fired, Napoli-style pizzas, excellent coffee, and the traditional Italian dessert, tiramisu.<\/li>\n\n\n\n<li><a href=\"https:\/\/pats.ee\/\">P\u00e4ts Sahver<\/a> welcomes visitors to its caf\u00e9 located near the Rakvere train station. At P\u00e4ts Sahver, you can enjoy handmade, delicious bakery and pastry products made from the finest, authentic ingredients.<\/li>\n\n\n\n<li><a href=\"https:\/\/rohuaiakohvik.ee\/\">Rohuaia kohvik<\/a> offers guests delicious dishes and homemade pastries. The menu features tempting pizzas, pastas, \u00e0 la carte options, lunch specials, and delightful cakes.<\/li>\n\n\n\n<li><a href=\"https:\/\/www.facebook.com\/VirmaPubi\/?locale=et_EE\">WIRMA Pubi <\/a>&#8211; Rakvere&#8217;s oldest and liveliest pub!<br>The pub offers delicious modern pub food and spicy experiences from Asian cuisine. Every Friday and Saturday, you have the opportunity to listen to popular Estonian bands and musicians.<\/li>\n<\/ul>\n<\/div>\n<\/div>\n\n\n\n<div class=\"wp-block-columns alignwide is-layout-flex wp-container-core-columns-is-layout-30ac8118 wp-block-columns-is-layout-flex\" style=\"padding-right:var(--wp--preset--spacing--50);padding-left:var(--wp--preset--spacing--50)\">\n<div class=\"wp-block-column is-layout-flow wp-block-column-is-layout-flow\">\n<h2 class=\"wp-block-heading has-text-color has-link-color wp-elements-233a789bdde47ffa496598d3a8d6b678\" style=\"color:#b47f31\">Discovering Rakvere with children:<\/h2>\n\n\n\n<ul class=\"wp-block-list\">\n<li>Rakvere Pumbtrack &#8211; Uus 19, Rakvere<\/li>\n\n\n\n<li>Rakvere family playground &#8211; Kastani 13 Rakvere<\/li>\n\n\n\n<li>Palermo Adventure track &#8211; Tammiku 12<\/li>\n\n\n\n<li><a href=\"https:\/\/virumaamuuseumid.ee\/eesti-politseimuuseum\/\">Politseimuuseum<\/a> &#8211; The <strong>Estonian Police Museum<\/strong> aims to be an interactive museum (theme park) where visitors can experience police work through hands-on activities and games. The museum provides an overview of the daily work of police officers and key areas of their duties. Visitors can engage in various interesting scenarios that help raise awareness about the work of the police.<\/li>\n<\/ul>\n\n\n\n<h2 class=\"wp-block-heading has-text-color has-link-color wp-elements-8a122d8b5eb762a69d0a8e9b848563fe\" style=\"color:#b47f31\">Shopping in Rakvere:<\/h2>\n\n\n\n<ul class=\"wp-block-list\">\n<li>Rakvere`s biggest shopping centres are: <br>&#8211; Rakvere P\u00f5hjakeskus &#8211; Haljala tee 4, Rakvere vald<br>&#8211; Rakvere Vaala keskus &#8211; L\u00f5\u00f5tspilli 2, Rakvere<br>&#8211; N-Kaubamaja &#8211; Laada 9, Rakvere <br>&#8211; Rakvere Kroonikeskus &#8211; F. G. Adoffi 11 Rakvere<\/li>\n<\/ul>\n<\/div>\n<\/div>\n\n\n\n<div class=\"wp-block-columns alignwide is-layout-flex wp-container-core-columns-is-layout-30ac8118 wp-block-columns-is-layout-flex\" style=\"padding-right:var(--wp--preset--spacing--50);padding-left:var(--wp--preset--spacing--50)\">\n<div class=\"wp-block-column is-layout-flow wp-block-column-is-layout-flow\" style=\"padding-right:0;padding-left:0\">\n<h2 class=\"wp-block-heading has-text-color has-link-color wp-elements-3726148565de86ba381a230199a03d11\" style=\"color:#b47f31\">Active vacation in Rakvere &#8211; sports opportunities:<\/h2>\n\n\n\n<ul class=\"wp-block-list\">\n<li><a href=\"https:\/\/et.wikipedia.org\/wiki\/Rakvere_linnastaadion\">Rakvere linnastaadion<\/a>\u00a0is a modern stadium located next to the\u00a0<a href=\"https:\/\/et.wikipedia.org\/wiki\/Staadion\">Rakvere Sports Center<\/a>.<\/li>\n\n\n\n<li>The ice rink created next to the <strong>Rakvere Sports Center<\/strong> welcomes all ice skating enthusiasts during the winter. The sports center offers skate rentals for both children and adults, with a symbolic rental fee of 1 euro per pair. If you bring your own skates, access to the rink is free. The rink&#8217;s opening hours depend on the weather, and it is closed during rainy conditions or when the temperature is above freezing.<\/li>\n\n\n\n<li><a href=\"https:\/\/www.rakverespordikeskus.ee\/palermo-terviserada\/\">Rakvere Palermo health trails<\/a> are located close to the city center, in the Palermo Forest. The trails feature 2 km and 3 km illuminated paths with woodchip and natural surfaces, open year-round for cross-country skiers and outdoor enthusiasts. The trails can be accessed from two locations: one parking lot is along <strong>Tammiku Street<\/strong>, and the other is at the end of <strong>Kunderi Street<\/strong>. In addition to the winter ski trails, Palermo also offers a toboggan hill and a Christmas village for visitors.<\/li>\n\n\n\n<li><a href=\"https:\/\/aqvaspordikeskus.ee\/\">AQVA sport center<\/a> offers a wide range of sports facilities, including four top-quality tennis courts that meet international standards. These courts are open every day from 6:00 AM to 12:00 AM. For more information on booking outdoor courts, visit <a href=\"https:\/\/aqvaspordikeskus.ee\/valivaljakud\/\">AQVA Sports Center website<\/a>.In addition to tennis, the center features a spacious and bright ~400 square meter gym, along with two large group training rooms. The <strong>Sportland Room<\/strong>, which spans 200 square meters, accommodates up to 45 sports enthusiasts, while the <strong>Nike Room<\/strong>, measuring 125 square meters, is perfect for yoga and other classes, hosting up to 25 participants.<br>The sports center is open daily from 6:00 AM to 12:00 AM.<\/li>\n\n\n\n<li><a href=\"https:\/\/www.aqvahotels.ee\/\">AQVA water and sauna center<\/a> features six pools and eight saunas, providing an unforgettable way to enjoy sauna culture in a relaxing environment.<\/li>\n\n\n\n<li><a href=\"https:\/\/rakbowl.ee\/\">Rakvere Bowling<\/a>\u00a0is the perfect place to spend quality time with family or friends, offering a fun and entertaining atmosphere in the heart of Rakvere.<\/li>\n<\/ul>\n<\/div>\n<\/div>\n\n\n\n<div style=\"height:10px\" aria-hidden=\"true\" class=\"wp-block-spacer\"><\/div>\n","protected":false},"excerpt":{"rendered":"<p>Restaurants and cafes in Rakvere: Discovering Rakvere with children: Shopping in Rakvere: Active vacation in Rakvere &#8211; sports opportunities:<\/p>\n","protected":false},"author":2,"featured_media":0,"parent":0,"menu_order":4,"comment_status":"closed","ping_status":"closed","template":"","meta":{"footnotes":""},"class_list":["post-490","page","type-page","status-publish","hentry"],"yoast_head":"<!-- This site is optimized with the Yoast SEO plugin v27.0 - https:\/\/yoast.com\/product\/yoast-seo-wordpress\/ -->\n<title>DISCOVER RAKVERE - Kastani Apartments<\/title>\n<meta name=\"robots\" content=\"index, follow, max-snippet:-1, max-image-preview:large, max-video-preview:-1\" \/>\n<link rel=\"canonical\" href=\"https:\/\/kastaniapartments.eu\/en\/mida-teha-rakveres\/\" \/>\n<meta property=\"og:locale\" content=\"en_US\" \/>\n<meta property=\"og:type\" content=\"article\" \/>\n<meta property=\"og:title\" content=\"DISCOVER RAKVERE - Kastani Apartments\" \/>\n<meta property=\"og:description\" content=\"Restaurants and cafes in Rakvere: Discovering Rakvere with children: Shopping in Rakvere: Active vacation in Rakvere &#8211; sports opportunities:\" \/>\n<meta property=\"og:url\" content=\"https:\/\/kastaniapartments.eu\/en\/mida-teha-rakveres\/\" \/>\n<meta property=\"og:site_name\" content=\"Kastani Apartments\" \/>\n<meta property=\"article:modified_time\" content=\"2024-11-28T12:31:12+00:00\" \/>\n<meta property=\"og:image\" content=\"https:\/\/kastaniapartments.eu\/wp-content\/uploads\/2024\/09\/rakvere-castle-6568446_1280.jpg\" \/>\n<meta name=\"twitter:card\" content=\"summary_large_image\" \/>\n<meta name=\"twitter:label1\" content=\"Est. reading time\" \/>\n\t<meta name=\"twitter:data1\" content=\"5 minutes\" \/>\n<script type=\"application\/ld+json\" class=\"yoast-schema-graph\">{\"@context\":\"https:\/\/schema.org\",\"@graph\":[{\"@type\":\"WebPage\",\"@id\":\"https:\/\/kastaniapartments.eu\/en\/mida-teha-rakveres\/\",\"url\":\"https:\/\/kastaniapartments.eu\/en\/mida-teha-rakveres\/\",\"name\":\"DISCOVER RAKVERE - Kastani Apartments\",\"isPartOf\":{\"@id\":\"https:\/\/kastaniapartments.eu\/#website\"},\"primaryImageOfPage\":{\"@id\":\"https:\/\/kastaniapartments.eu\/en\/mida-teha-rakveres\/#primaryimage\"},\"image\":{\"@id\":\"https:\/\/kastaniapartments.eu\/en\/mida-teha-rakveres\/#primaryimage\"},\"thumbnailUrl\":\"https:\/\/kastaniapartments.eu\/wp-content\/uploads\/2024\/09\/rakvere-castle-6568446_1280.jpg\",\"datePublished\":\"2024-09-18T12:30:28+00:00\",\"dateModified\":\"2024-11-28T12:31:12+00:00\",\"breadcrumb\":{\"@id\":\"https:\/\/kastaniapartments.eu\/en\/mida-teha-rakveres\/#breadcrumb\"},\"inLanguage\":\"en-US\",\"potentialAction\":[{\"@type\":\"ReadAction\",\"target\":[\"https:\/\/kastaniapartments.eu\/en\/mida-teha-rakveres\/\"]}]},{\"@type\":\"ImageObject\",\"inLanguage\":\"en-US\",\"@id\":\"https:\/\/kastaniapartments.eu\/en\/mida-teha-rakveres\/#primaryimage\",\"url\":\"https:\/\/kastaniapartments.eu\/wp-content\/uploads\/2024\/09\/rakvere-castle-6568446_1280.jpg\",\"contentUrl\":\"https:\/\/kastaniapartments.eu\/wp-content\/uploads\/2024\/09\/rakvere-castle-6568446_1280.jpg\"},{\"@type\":\"BreadcrumbList\",\"@id\":\"https:\/\/kastaniapartments.eu\/en\/mida-teha-rakveres\/#breadcrumb\",\"itemListElement\":[{\"@type\":\"ListItem\",\"position\":1,\"name\":\"Home\",\"item\":\"https:\/\/kastaniapartments.eu\/en\/\"},{\"@type\":\"ListItem\",\"position\":2,\"name\":\"DISCOVER RAKVERE\"}]},{\"@type\":\"WebSite\",\"@id\":\"https:\/\/kastaniapartments.eu\/#website\",\"url\":\"https:\/\/kastaniapartments.eu\/\",\"name\":\"Kastani Apartments\",\"description\":\"K\u00fclaliskorterid Rakvere kesklinnas\",\"potentialAction\":[{\"@type\":\"SearchAction\",\"target\":{\"@type\":\"EntryPoint\",\"urlTemplate\":\"https:\/\/kastaniapartments.eu\/?s={search_term_string}\"},\"query-input\":{\"@type\":\"PropertyValueSpecification\",\"valueRequired\":true,\"valueName\":\"search_term_string\"}}],\"inLanguage\":\"en-US\"}]}<\/script>\n<!-- \/ Yoast SEO plugin. -->","yoast_head_json":{"title":"DISCOVER RAKVERE - Kastani Apartments","robots":{"index":"index","follow":"follow","max-snippet":"max-snippet:-1","max-image-preview":"max-image-preview:large","max-video-preview":"max-video-preview:-1"},"canonical":"https:\/\/kastaniapartments.eu\/en\/mida-teha-rakveres\/","og_locale":"en_US","og_type":"article","og_title":"DISCOVER RAKVERE - Kastani Apartments","og_description":"Restaurants and cafes in Rakvere: Discovering Rakvere with children: Shopping in Rakvere: Active vacation in Rakvere &#8211; sports opportunities:","og_url":"https:\/\/kastaniapartments.eu\/en\/mida-teha-rakveres\/","og_site_name":"Kastani Apartments","article_modified_time":"2024-11-28T12:31:12+00:00","og_image":[{"url":"https:\/\/kastaniapartments.eu\/wp-content\/uploads\/2024\/09\/rakvere-castle-6568446_1280.jpg","type":"","width":"","height":""}],"twitter_card":"summary_large_image","twitter_misc":{"Est. reading time":"5 minutes"},"schema":{"@context":"https:\/\/schema.org","@graph":[{"@type":"WebPage","@id":"https:\/\/kastaniapartments.eu\/en\/mida-teha-rakveres\/","url":"https:\/\/kastaniapartments.eu\/en\/mida-teha-rakveres\/","name":"DISCOVER RAKVERE - Kastani Apartments","isPartOf":{"@id":"https:\/\/kastaniapartments.eu\/#website"},"primaryImageOfPage":{"@id":"https:\/\/kastaniapartments.eu\/en\/mida-teha-rakveres\/#primaryimage"},"image":{"@id":"https:\/\/kastaniapartments.eu\/en\/mida-teha-rakveres\/#primaryimage"},"thumbnailUrl":"https:\/\/kastaniapartments.eu\/wp-content\/uploads\/2024\/09\/rakvere-castle-6568446_1280.jpg","datePublished":"2024-09-18T12:30:28+00:00","dateModified":"2024-11-28T12:31:12+00:00","breadcrumb":{"@id":"https:\/\/kastaniapartments.eu\/en\/mida-teha-rakveres\/#breadcrumb"},"inLanguage":"en-US","potentialAction":[{"@type":"ReadAction","target":["https:\/\/kastaniapartments.eu\/en\/mida-teha-rakveres\/"]}]},{"@type":"ImageObject","inLanguage":"en-US","@id":"https:\/\/kastaniapartments.eu\/en\/mida-teha-rakveres\/#primaryimage","url":"https:\/\/kastaniapartments.eu\/wp-content\/uploads\/2024\/09\/rakvere-castle-6568446_1280.jpg","contentUrl":"https:\/\/kastaniapartments.eu\/wp-content\/uploads\/2024\/09\/rakvere-castle-6568446_1280.jpg"},{"@type":"BreadcrumbList","@id":"https:\/\/kastaniapartments.eu\/en\/mida-teha-rakveres\/#breadcrumb","itemListElement":[{"@type":"ListItem","position":1,"name":"Home","item":"https:\/\/kastaniapartments.eu\/en\/"},{"@type":"ListItem","position":2,"name":"DISCOVER RAKVERE"}]},{"@type":"WebSite","@id":"https:\/\/kastaniapartments.eu\/#website","url":"https:\/\/kastaniapartments.eu\/","name":"Kastani Apartments","description":"K\u00fclaliskorterid Rakvere kesklinnas","potentialAction":[{"@type":"SearchAction","target":{"@type":"EntryPoint","urlTemplate":"https:\/\/kastaniapartments.eu\/?s={search_term_string}"},"query-input":{"@type":"PropertyValueSpecification","valueRequired":true,"valueName":"search_term_string"}}],"inLanguage":"en-US"}]}},"_links":{"self":[{"href":"https:\/\/kastaniapartments.eu\/en\/wp-json\/wp\/v2\/pages\/490","targetHints":{"allow":["GET"]}}],"collection":[{"href":"https:\/\/kastaniapartments.eu\/en\/wp-json\/wp\/v2\/pages"}],"about":[{"href":"https:\/\/kastaniapartments.eu\/en\/wp-json\/wp\/v2\/types\/page"}],"author":[{"embeddable":true,"href":"https:\/\/kastaniapartments.eu\/en\/wp-json\/wp\/v2\/users\/2"}],"replies":[{"embeddable":true,"href":"https:\/\/kastaniapartments.eu\/en\/wp-json\/wp\/v2\/comments?post=490"}],"version-history":[{"count":7,"href":"https:\/\/kastaniapartments.eu\/en\/wp-json\/wp\/v2\/pages\/490\/revisions"}],"predecessor-version":[{"id":502,"href":"https:\/\/kastaniapartments.eu\/en\/wp-json\/wp\/v2\/pages\/490\/revisions\/502"}],"wp:attachment":[{"href":"https:\/\/kastaniapartments.eu\/en\/wp-json\/wp\/v2\/media?parent=490"}],"curies":[{"name":"wp","href":"https:\/\/api.w.org\/{rel}","templated":true}]}}